{"id":430,"date":"2021-10-04T08:22:44","date_gmt":"2021-10-04T08:22:44","guid":{"rendered":"https:\/\/themexriver.com\/wp\/fastrans\/?page_id=430"},"modified":"2023-06-21T14:20:45","modified_gmt":"2023-06-21T17:20:45","slug":"about","status":"publish","type":"page","link":"https:\/\/cargatotal.devricky.com.br\/index.php\/about\/","title":{"rendered":"About"},"content":{"rendered":"\t\t<div data-elementor-type=\"wp-page\" data-elementor-id=\"430\" class=\"elementor elementor-430\">\n\t\t\t\t\t\t\t\t\t<section class=\"elementor-section elementor-top-section elementor-element elementor-element-231da23 elementor-section-full_width elementor-section-height-default elementor-section-height-default\" data-id=\"231da23\" data-element_type=\"section\">\n\t\t\t\t\t\t<div class=\"elementor-container elementor-column-gap-default\">\n\t\t\t\t\t<div class=\"elementor-column elementor-col-100 elementor-top-column elementor-element elementor-element-5ef2a3a\" data-id=\"5ef2a3a\" data-element_type=\"column\">\n\t\t\t<div class=\"elementor-widget-wrap elementor-element-populated\">\n\t\t\t\t\t\t\t\t<div class=\"elementor-element elementor-element-b606a99 elementor-widget elementor-widget-fastrans_about_us_v2\" data-id=\"b606a99\" data-element_type=\"widget\" data-widget_type=\"fastrans_about_us_v2.default\">\n\t\t\t\t<div class=\"elementor-widget-container\">\n\t\t\t\t\n    <!-- Start of About section\n\t============================================= -->\n\t<section id=\"ft-about\" class=\"ft-about-section\">\n\t\t<div class=\"container\">\n\t\t\t<div class=\"ft-about-content\">\n\t\t\t\t<div class=\"row\">\n\t\t\t\t\t<div class=\"col-lg-6 wow fadeInLeft\" data-wow-delay=\"0ms\" data-wow-duration=\"1500ms\">\n\t\t\t\t\t\t<div class=\"ft-about-img-exp position-relative\">\n\t\t\t\t\t\t\t                            <div class=\"ft-about-exp-area headline pera-content position-absolute\">\n\t\t\t\t\t\t\t\t<div class=\"ft-about-exp-img\">\n\t\t\t\t\t\t\t\t\t<img decoding=\"async\" src=\"https:\/\/cargatotal.devricky.com.br\/wp-content\/themes\/fastrans\/assets\/images\/shape\/exp-sh1.png\" alt=\"Awesome Image\">\n\t\t\t\t\t\t\t\t<\/div>\n\t\t\t\t\t\t\t\t<div class=\"ft-about-exp-text position-absolute\">\n\t\t\t\t\t\t\t\t\t<h3><span class=\"counter\">25<\/span><b>+<\/b> Years<\/h3>\n\t\t\t\t\t\t\t\t\t<p>We have more than years of experience<\/p>\t\t\t\t\t\t\t\t<\/div>\n\t\t\t\t\t\t\t<\/div>\n                            \t\t\t\t\t\t\t                            <div class=\"ft-about-img\">\n                                <img decoding=\"async\" src=\"https:\/\/cargatotal.devricky.com.br\/wp-content\/uploads\/2021\/10\/ab1.png\" alt=\"Awesome Image\">\n                            <\/div>\n                            \t\t\t\t\t\t<\/div>\n\t\t\t\t\t<\/div>\n\t\t\t\t\t<div class=\"col-lg-6\">\n\t\t\t\t\t\t<div class=\"ft-about-text-wrapper\">\n\t\t\t\t\t\t\t                            <div class=\"ft-section-title headline pera-content\">\n\t\t\t\t\t\t\t\t<span class=\"sub-title\">About Company<\/span>\t\t\t\t\t\t\t\t<h2>Digital &amp; Trusted Transport Logistic Company<\/h2>\t\t\t\t\t\t\t\t<p>Praesent at maximus quam. Aliquam erat velit, commodo eu sollicitudin in, fermentum non lectus. Mauris vestibulum consequat elit et tristique. Vestibulum vitae nunc nec mauris fermentum fringilla. Pellentesque a augue tellus.  <\/p>\t\t\t\t\t\t\t<\/div>\n                            \t\t\t\t\t\t\t<div class=\"ft-about-feature-list-warpper\">\n\t\t\t\t\t\t\t\t                                <div class=\"ft-about-feature-list-item d-flex align-items-center wow fadeInUp\" data-wow-delay=\"0ms\" data-wow-duration=\"1500ms\">\n\t\t\t\t\t\t\t\t\t<div class=\"ft-about-feature-icon d-flex align-items-center justify-content-center\">\n\t\t\t\t\t\t\t\t\t\t<i class=\"flaticon-worldwide\"><\/i>\n\t\t\t\t\t\t\t\t\t<\/div>\n\t\t\t\t\t\t\t\t\t<div class=\"ft-about-feature-text headline pera-content\">\n\t\t\t\t\t\t\t\t\t\t<h3>Global Service<\/h3>\n\t\t\t\t\t\t\t\t\t\t<p>We always provide people a complete solution focused of any business.<\/p>\n\t\t\t\t\t\t\t\t\t<\/div>\n\t\t\t\t\t\t\t\t<\/div>\n                                                                <div class=\"ft-about-feature-list-item d-flex align-items-center wow fadeInUp\" data-wow-delay=\"0ms\" data-wow-duration=\"1500ms\">\n\t\t\t\t\t\t\t\t\t<div class=\"ft-about-feature-icon d-flex align-items-center justify-content-center\">\n\t\t\t\t\t\t\t\t\t\t<i class=\"flaticon-place\"><\/i>\n\t\t\t\t\t\t\t\t\t<\/div>\n\t\t\t\t\t\t\t\t\t<div class=\"ft-about-feature-text headline pera-content\">\n\t\t\t\t\t\t\t\t\t\t<h3>Local Service<\/h3>\n\t\t\t\t\t\t\t\t\t\t<p>Nam eget convallis neque. Sed porta eleifend posuere integer posuere purus. <\/p>\n\t\t\t\t\t\t\t\t\t<\/div>\n\t\t\t\t\t\t\t\t<\/div>\n                                                                \n                                \t\t\t\t\t\t\t\t<div class=\"ft-btn wow fadeInUp\" data-wow-delay=\"300ms\" data-wow-duration=\"1500ms\">\n\t\t\t\t\t\t\t\t\t<a class=\"d-flex justify-content-center align-items-center\" href=\"https:\/\/themexriver.com\/wp\/fastrans\/about\/\">Explore More<\/a>\n\t\t\t\t\t\t\t\t<\/div>\n                                \t\t\t\t\t\t\t<\/div>\n\t\t\t\t\t\t<\/div>\n\t\t\t\t\t<\/div>\n\t\t\t\t<\/div>\n\t\t\t<\/div>\n\t\t<\/div>\n\t<\/section>\n\t<!-- End of About section\n\t============================================= -->\n\n    \t\t<\/div>\n\t\t\t\t<\/div>\n\t\t\t\t\t<\/div>\n\t\t<\/div>\n\t\t\t\t\t\t\t<\/div>\n\t\t<\/section>\n\t\t\t\t<section class=\"elementor-section elementor-top-section elementor-element elementor-element-df5ef2f elementor-section-full_width elementor-section-height-default elementor-section-height-default\" data-id=\"df5ef2f\" data-element_type=\"section\">\n\t\t\t\t\t\t<div class=\"elementor-container elementor-column-gap-default\">\n\t\t\t\t\t<div class=\"elementor-column elementor-col-100 elementor-top-column elementor-element elementor-element-fc76734\" data-id=\"fc76734\" data-element_type=\"column\">\n\t\t\t<div class=\"elementor-widget-wrap elementor-element-populated\">\n\t\t\t\t\t\t\t\t<div class=\"elementor-element elementor-element-0752504 elementor-widget elementor-widget-fastrans_funfacts_v3\" data-id=\"0752504\" data-element_type=\"widget\" data-widget_type=\"fastrans_funfacts_v3.default\">\n\t\t\t\t<div class=\"elementor-widget-container\">\n\t\t\t\t\n    <!-- Start of funfact section\n\t============================================= -->\n\t<section id=\"ft-funfact\" class=\"ft-funfact-section\">\n\t\t<div class=\"container\">\n\t\t\t<div class=\"ft-funfact-content\">\n\t\t\t\t<div class=\"row\">\n\t\t\t\t\t                    <div class=\"col-lg-3 col-md-6 col-sm-6\">\n\t\t\t\t\t\t<div class=\"ft-funfact-innerbox text-center\">\n\t\t\t\t\t\t\t<div class=\"ft-funfact-icon\">\n\t\t\t\t\t\t\t\t<i class=\"fal fa-clipboard-list-check\"><\/i>\n\t\t\t\t\t\t\t<\/div>\n\t\t\t\t\t\t\t<div class=\"ft-funfact-text headline pera-content\">\n\t\t\t\t\t\t\t\t<h3><span class=\"counter\">4500<\/span><\/h3>\n\t\t\t\t\t\t\t\t<p>Parcel Delivered<\/p>\n\t\t\t\t\t\t\t<\/div>\n\t\t\t\t\t\t<\/div>\n\t\t\t\t\t<\/div>\n                                        <div class=\"col-lg-3 col-md-6 col-sm-6\">\n\t\t\t\t\t\t<div class=\"ft-funfact-innerbox text-center\">\n\t\t\t\t\t\t\t<div class=\"ft-funfact-icon\">\n\t\t\t\t\t\t\t\t<i class=\"fal fa-users\"><\/i>\n\t\t\t\t\t\t\t<\/div>\n\t\t\t\t\t\t\t<div class=\"ft-funfact-text headline pera-content\">\n\t\t\t\t\t\t\t\t<h3><span class=\"counter\">54<\/span>+<\/h3>\n\t\t\t\t\t\t\t\t<p>Total Branch<\/p>\n\t\t\t\t\t\t\t<\/div>\n\t\t\t\t\t\t<\/div>\n\t\t\t\t\t<\/div>\n                                        <div class=\"col-lg-3 col-md-6 col-sm-6\">\n\t\t\t\t\t\t<div class=\"ft-funfact-innerbox text-center\">\n\t\t\t\t\t\t\t<div class=\"ft-funfact-icon\">\n\t\t\t\t\t\t\t\t<i class=\"fal fa-trophy-alt\"><\/i>\n\t\t\t\t\t\t\t<\/div>\n\t\t\t\t\t\t\t<div class=\"ft-funfact-text headline pera-content\">\n\t\t\t\t\t\t\t\t<h3><span class=\"counter\">14<\/span>+<\/h3>\n\t\t\t\t\t\t\t\t<p>Satisfied Clients<\/p>\n\t\t\t\t\t\t\t<\/div>\n\t\t\t\t\t\t<\/div>\n\t\t\t\t\t<\/div>\n                                        <div class=\"col-lg-3 col-md-6 col-sm-6\">\n\t\t\t\t\t\t<div class=\"ft-funfact-innerbox text-center\">\n\t\t\t\t\t\t\t<div class=\"ft-funfact-icon\">\n\t\t\t\t\t\t\t\t<i class=\"fal fa-medal\"><\/i>\n\t\t\t\t\t\t\t<\/div>\n\t\t\t\t\t\t\t<div class=\"ft-funfact-text headline pera-content\">\n\t\t\t\t\t\t\t\t<h3><span class=\"counter\">100<\/span>%<\/h3>\n\t\t\t\t\t\t\t\t<p>Delivered Packages<\/p>\n\t\t\t\t\t\t\t<\/div>\n\t\t\t\t\t\t<\/div>\n\t\t\t\t\t<\/div>\n                    \t\t\t\t<\/div>\n\t\t\t<\/div>\n\t\t<\/div>\n\t<\/section>\t\t\n\t<!-- End of funfact section\n\t============================================= -->\n\t\t\n    \t\t<\/div>\n\t\t\t\t<\/div>\n\t\t\t\t\t<\/div>\n\t\t<\/div>\n\t\t\t\t\t\t\t<\/div>\n\t\t<\/section>\n\t\t\t\t<section class=\"elementor-section elementor-top-section elementor-element elementor-element-179713e elementor-section-full_width elementor-section-height-default elementor-section-height-default\" data-id=\"179713e\" data-element_type=\"section\">\n\t\t\t\t\t\t<div class=\"elementor-container elementor-column-gap-default\">\n\t\t\t\t\t<div class=\"elementor-column elementor-col-100 elementor-top-column elementor-element elementor-element-dab1161\" data-id=\"dab1161\" data-element_type=\"column\">\n\t\t\t<div class=\"elementor-widget-wrap elementor-element-populated\">\n\t\t\t\t\t\t\t\t<div class=\"elementor-element elementor-element-dc27dc2 elementor-widget elementor-widget-fastrans_our_features_v2\" data-id=\"dc27dc2\" data-element_type=\"widget\" data-widget_type=\"fastrans_our_features_v2.default\">\n\t\t\t\t<div class=\"elementor-widget-container\">\n\t\t\t\t\t\n        <!-- Start of goodness feature section\n        ============================================= -->\n        <section id=\"ft-goodness-feature\" class=\"ft-goodness-feature-section\">\n            <div class=\"container\">\n                                <div class=\"ft-section-title-2 headline pera-content text-center\">\n                    <span class=\"sub-title\">Our Goodness<\/span>                    <h2>What Make Us Special<\/h2>                    <p>Quisque eu nisi augue. Integer nisl neque, cursus in suscipit sit amet, aliquet eu nisl. Duis ut felis mollis malesuada nunc ut.<\/p>                <\/div>\n                                <div class=\"ft-goodness-featured-content\">\n                    <div class=\"row\">\n                                                <div class=\"col-lg-4 col-md-6\">\n                            <div class=\"ft-goodness-featured-innerbox text-center\">\n                                <div class=\"ft-goodness-featured-icon d-flex align-items-center justify-content-center\">\n                                    <i class=\"fal fa-anchor\"><\/i>\n                                <\/div>\n                                <div class=\"ft-goodness-featured-text headline pera-content\">\n                                    <h3><a href=\"https:\/\/themexriver.com\/wp\/fastrans\/trusted-franchise\/\">Trusted Franchise<\/a><\/h3>\n                                    <p>Dolore magna aliqua. Quis ipsum suspendisse ultrices gravida. Risus commodo viverra maecenas accumsan vel ... <\/p>\n                                <\/div>\n                            <\/div>\n                        <\/div>\n                                                <div class=\"col-lg-4 col-md-6\">\n                            <div class=\"ft-goodness-featured-innerbox text-center\">\n                                <div class=\"ft-goodness-featured-icon d-flex align-items-center justify-content-center\">\n                                    <i class=\"fal fa-user-headset\"><\/i>\n                                <\/div>\n                                <div class=\"ft-goodness-featured-text headline pera-content\">\n                                    <h3><a href=\"https:\/\/themexriver.com\/wp\/fastrans\/customer-support\/\">Customer Support<\/a><\/h3>\n                                    <p>Proin tincidunt massa euismod sodales. Aenean fermentum commodo ligula laoreet. Donec amet molestie maecenas ... <\/p>\n                                <\/div>\n                            <\/div>\n                        <\/div>\n                                                <div class=\"col-lg-4 col-md-6\">\n                            <div class=\"ft-goodness-featured-innerbox text-center\">\n                                <div class=\"ft-goodness-featured-icon d-flex align-items-center justify-content-center\">\n                                    <i class=\"fal fa-badge-sheriff\"><\/i>\n                                <\/div>\n                                <div class=\"ft-goodness-featured-text headline pera-content\">\n                                    <h3><a href=\"https:\/\/themexriver.com\/wp\/fastrans\/reliability-punctuality\/\">Reliability &#038; Punctuality<\/a><\/h3>\n                                    <p>Pestibulum libero. Vestibulum ipsum primis Curabitur maximus, faucibus luctus ultrices posuere consequat bibendum cubilia ... <\/p>\n                                <\/div>\n                            <\/div>\n                        <\/div>\n                                            <\/div>\n                <\/div>\n            <\/div>\n        <\/section>\n        <!-- End of goodness feature section\n        ============================================= -->\n                           \n        \t\t<\/div>\n\t\t\t\t<\/div>\n\t\t\t\t\t<\/div>\n\t\t<\/div>\n\t\t\t\t\t\t\t<\/div>\n\t\t<\/section>\n\t\t\t\t<section class=\"elementor-section elementor-top-section elementor-element elementor-element-d9dbfe4 elementor-section-full_width elementor-section-height-default elementor-section-height-default\" data-id=\"d9dbfe4\" data-element_type=\"section\">\n\t\t\t\t\t\t<div class=\"elementor-container elementor-column-gap-default\">\n\t\t\t\t\t<div class=\"elementor-column elementor-col-100 elementor-top-column elementor-element elementor-element-6150711\" data-id=\"6150711\" data-element_type=\"column\">\n\t\t\t<div class=\"elementor-widget-wrap elementor-element-populated\">\n\t\t\t\t\t\t\t\t<div class=\"elementor-element elementor-element-d3fd9ad elementor-widget elementor-widget-fastrans_video_section\" data-id=\"d3fd9ad\" data-element_type=\"widget\" data-widget_type=\"fastrans_video_section.default\">\n\t\t\t\t<div class=\"elementor-widget-container\">\n\t\t\t\t\n    <!-- Start of Video section\n\t============================================= -->\n\t<section id=\"ft-video\" class=\"ft-video-section\">\n\t\t<div class=\"container\">\n\t\t\t<div class=\"ft-video-content position-relative\">\n\t\t\t\t<div class=\"ft-video-img-play-btn\">\n\t\t\t\t\t                    <div class=\"ft-video-img\">\n\t\t\t\t\t\t<img decoding=\"async\" src=\"https:\/\/cargatotal.devricky.com.br\/wp-content\/uploads\/2021\/10\/v-bg.jpg\" alt=\"Awesome Image\">\n\t\t\t\t\t<\/div>\n\t\t\t\t\t                                        <div class=\"ft-video-play\">\n\t\t\t\t\t\t<a class=\"d-flex justify-content-center align-items-center position-relative video_box\" href=\"https:\/\/www.youtube.com\/watch?v=Fvae8nxzVz4\">\n\t\t\t\t\t\t\t<i class=\"fas fa-play\"><\/i>\n\t\t\t\t\t\t\t<span class=\"video_btn_border border_wrap-1\"><\/span>\n\t\t\t\t\t\t\t<span class=\"video_btn_border border_wrap-2\"><\/span>\n\t\t\t\t\t\t<\/a>\n\t\t\t\t\t<\/div>\n                    \t\t\t\t<\/div>\n\t\t\t<\/div>\n\t\t<\/div>\t\t\n\t<\/section>\t\n\t<!-- End of Video section\n\t============================================= -->\n    \n    \t\t<\/div>\n\t\t\t\t<\/div>\n\t\t\t\t\t<\/div>\n\t\t<\/div>\n\t\t\t\t\t\t\t<\/div>\n\t\t<\/section>\n\t\t\t\t<section class=\"elementor-section elementor-top-section elementor-element elementor-element-8184395 elementor-section-full_width elementor-section-height-default elementor-section-height-default\" data-id=\"8184395\" data-element_type=\"section\">\n\t\t\t\t\t\t<div class=\"elementor-container elementor-column-gap-default\">\n\t\t\t\t\t<div class=\"elementor-column elementor-col-100 elementor-top-column elementor-element elementor-element-ea40c9c\" data-id=\"ea40c9c\" data-element_type=\"column\">\n\t\t\t<div class=\"elementor-widget-wrap elementor-element-populated\">\n\t\t\t\t\t\t\t\t<div class=\"elementor-element elementor-element-7213da3 elementor-widget elementor-widget-fastrans_our_testimonials_v2\" data-id=\"7213da3\" data-element_type=\"widget\" data-widget_type=\"fastrans_our_testimonials_v2.default\">\n\t\t\t\t<div class=\"elementor-widget-container\">\n\t\t\t\t\t\n        <!-- Start of Testimonial section\n        ============================================= -->\n        <section id=\"ft-testimonial\" class=\"ft-testimonial-section position-relative\">\n            <span class=\"ft-testimonial-map text-center position-absolute\"><img decoding=\"async\" src=\"https:\/\/cargatotal.devricky.com.br\/wp-content\/uploads\/2021\/10\/map-1.png\" alt=\"Awesome Image\"><\/span>            <div class=\"container\">\n                                <div class=\"ft-section-title headline pera-content text-center\">\n                    <span class=\"sub-title\">Testimonial<\/span>                    <h2>What People and Clients Think About Us?<\/h2>                <\/div>\n                                <div class=\"ft-testimonial-slider-wrapper\">\n                    <div class=\"ft-testimonial-slider-area\">\n                                                <div class=\"ft-item-innerbox\">\n                            <div class=\"ft-testimonial-item-innerbox\">\n                                                                <div class=\"ft-testimonial-item-img-wrapper position-relative\">\n                                    <div class=\"ft-testimonial-item-img\">\n                                        <img width=\"70\" height=\"70\" src=\"https:\/\/cargatotal.devricky.com.br\/wp-content\/uploads\/2021\/10\/news-10-70x70.jpg\" class=\"attachment-fastrans_70x70 size-fastrans_70x70 wp-post-image\" alt=\"\" decoding=\"async\" loading=\"lazy\" srcset=\"https:\/\/cargatotal.devricky.com.br\/wp-content\/uploads\/2021\/10\/news-10-70x70.jpg 70w, https:\/\/cargatotal.devricky.com.br\/wp-content\/uploads\/2021\/10\/news-10-150x150.jpg 150w, https:\/\/cargatotal.devricky.com.br\/wp-content\/uploads\/2021\/10\/news-10-100x100.jpg 100w\" sizes=\"(max-width: 70px) 100vw, 70px\" \/>                                    <\/div>\n                                    <div class=\"ft-testimonial-quote d-flex align-items-center justify-content-center position-absolute\">\n                                        <img decoding=\"async\" src=\"https:\/\/cargatotal.devricky.com.br\/wp-content\/themes\/fastrans\/assets\/images\/shape\/quote.png\" alt=\"\">\n                                    <\/div>\n                                <\/div>\n                                                                <div class=\"ft-testimonial-text-item text-center\">\n                                    A CargaTotal \u00e9 uma parceira fundamental para o sucesso do meu neg\u00f3cio. Eles possuem uma ...                                <\/div>\n                                <div class=\"ft-testimonial-name headline position-relative\">\n                                    <span class=\"ft-testimonial-shape\"><\/span>\n                                    <h3>Maria Santos<\/h3>\n                                <\/div>\n                            <\/div>\n                        <\/div>\n                                                <div class=\"ft-item-innerbox\">\n                            <div class=\"ft-testimonial-item-innerbox\">\n                                                                <div class=\"ft-testimonial-item-img-wrapper position-relative\">\n                                    <div class=\"ft-testimonial-item-img\">\n                                        <img width=\"70\" height=\"70\" src=\"https:\/\/cargatotal.devricky.com.br\/wp-content\/uploads\/2021\/10\/comment-1.jpg\" class=\"attachment-fastrans_70x70 size-fastrans_70x70 wp-post-image\" alt=\"\" decoding=\"async\" loading=\"lazy\" \/>                                    <\/div>\n                                    <div class=\"ft-testimonial-quote d-flex align-items-center justify-content-center position-absolute\">\n                                        <img decoding=\"async\" src=\"https:\/\/cargatotal.devricky.com.br\/wp-content\/themes\/fastrans\/assets\/images\/shape\/quote.png\" alt=\"\">\n                                    <\/div>\n                                <\/div>\n                                                                <div class=\"ft-testimonial-text-item text-center\">\n                                    Estou extremamente satisfeito com os servi\u00e7os prestados pela CargaTotal. Eles sempre entregam minhas mercadorias no ...                                <\/div>\n                                <div class=\"ft-testimonial-name headline position-relative\">\n                                    <span class=\"ft-testimonial-shape\"><\/span>\n                                    <h3>Jo\u00e3o Alves<\/h3>\n                                <\/div>\n                            <\/div>\n                        <\/div>\n                                                <div class=\"ft-item-innerbox\">\n                            <div class=\"ft-testimonial-item-innerbox\">\n                                                                <div class=\"ft-testimonial-item-img-wrapper position-relative\">\n                                    <div class=\"ft-testimonial-item-img\">\n                                        <img width=\"70\" height=\"70\" src=\"https:\/\/cargatotal.devricky.com.br\/wp-content\/uploads\/2021\/10\/comment-2.jpg\" class=\"attachment-fastrans_70x70 size-fastrans_70x70 wp-post-image\" alt=\"\" decoding=\"async\" loading=\"lazy\" \/>                                    <\/div>\n                                    <div class=\"ft-testimonial-quote d-flex align-items-center justify-content-center position-absolute\">\n                                        <img decoding=\"async\" src=\"https:\/\/cargatotal.devricky.com.br\/wp-content\/themes\/fastrans\/assets\/images\/shape\/quote.png\" alt=\"\">\n                                    <\/div>\n                                <\/div>\n                                                                <div class=\"ft-testimonial-text-item text-center\">\n                                    Contratar a CargaTotal foi uma excelente decis\u00e3o para nossa empresa. Al\u00e9m de oferecerem um servi\u00e7o ...                                <\/div>\n                                <div class=\"ft-testimonial-name headline position-relative\">\n                                    <span class=\"ft-testimonial-shape\"><\/span>\n                                    <h3>Cla\u00fadia Reis<\/h3>\n                                <\/div>\n                            <\/div>\n                        <\/div>\n                         \n                    <\/div>\n                <\/div>\n            <\/div>\n        <\/section>\t\t\t\t\n    \t<!-- End of Testimonial section\n        ============================================= -->\n        \n        \t\t<\/div>\n\t\t\t\t<\/div>\n\t\t\t\t\t<\/div>\n\t\t<\/div>\n\t\t\t\t\t\t\t<\/div>\n\t\t<\/section>\n\t\t\t\t\t\t\t<\/div>\n\t\t","protected":false},"excerpt":{"rendered":"<p>25+ Years We have more than years of experience About Company Digital &amp; Trusted Transport Logistic Company Praesent at maximus quam. Aliquam erat velit, commodo eu sollicitudin in, fermentum non lectus. Mauris vestibulum consequat elit et tristique. Vestibulum vitae nunc nec mauris fermentum fringilla. Pellentesque a augue tellus. Global Service We always provide people a [&hellip;]<\/p>\n","protected":false},"author":1,"featured_media":0,"parent":0,"menu_order":0,"comment_status":"closed","ping_status":"closed","template":"tpl-default-elementor.php","meta":[],"_links":{"self":[{"href":"https:\/\/cargatotal.devricky.com.br\/index.php\/wp-json\/wp\/v2\/pages\/430"}],"collection":[{"href":"https:\/\/cargatotal.devricky.com.br\/index.php\/wp-json\/wp\/v2\/pages"}],"about":[{"href":"https:\/\/cargatotal.devricky.com.br\/index.php\/wp-json\/wp\/v2\/types\/page"}],"author":[{"embeddable":true,"href":"https:\/\/cargatotal.devricky.com.br\/index.php\/wp-json\/wp\/v2\/users\/1"}],"replies":[{"embeddable":true,"href":"https:\/\/cargatotal.devricky.com.br\/index.php\/wp-json\/wp\/v2\/comments?post=430"}],"version-history":[{"count":1,"href":"https:\/\/cargatotal.devricky.com.br\/index.php\/wp-json\/wp\/v2\/pages\/430\/revisions"}],"predecessor-version":[{"id":2415,"href":"https:\/\/cargatotal.devricky.com.br\/index.php\/wp-json\/wp\/v2\/pages\/430\/revisions\/2415"}],"wp:attachment":[{"href":"https:\/\/cargatotal.devricky.com.br\/index.php\/wp-json\/wp\/v2\/media?parent=430"}],"curies":[{"name":"wp","href":"https:\/\/api.w.org\/{rel}","templated":true}]}}